{"id":3474,"date":"2026-02-13T12:09:58","date_gmt":"2026-02-13T12:09:58","guid":{"rendered":"https:\/\/passosdeoliveira.com.br\/?page_id=3474"},"modified":"2026-02-20T15:07:54","modified_gmt":"2026-02-20T15:07:54","slug":"holding-offshore-3","status":"publish","type":"page","link":"https:\/\/passosdeoliveira.com.br\/es\/holding-offshore-3\/","title":{"rendered":"Holding \/ Offshore"},"content":{"rendered":"\t\t<div data-elementor-type=\"wp-page\" data-elementor-id=\"3474\" class=\"elementor elementor-3474\" data-elementor-post-type=\"page\">\n\t\t\t\t<div class=\"elementor-element elementor-element-1371294 e-flex e-con-boxed e-con e-parent\" data-id=\"1371294\" data-element_type=\"container\" data-e-type=\"container\" data-settings=\"{&quot;background_background&quot;:&quot;classic&quot;}\">\n\t\t\t\t\t<div class=\"e-con-inner\">\n\t\t<div class=\"elementor-element elementor-element-c432910 e-con-full e-flex e-con e-child\" data-id=\"c432910\" data-element_type=\"container\" data-e-type=\"container\">\n\t\t\t\t<div class=\"elementor-element elementor-element-6fafcf8 elementor-widget elementor-widget-heading\" data-id=\"6fafcf8\" data-element_type=\"widget\" data-e-type=\"widget\" data-widget_type=\"heading.default\">\n\t\t\t\t\t<h1 class=\"elementor-heading-title elementor-size-default\">Holding \/ Offshore<\/h1>\t\t\t\t<\/div>\n\t\t\t\t<\/div>\n\t\t\t\t\t<\/div>\n\t\t\t\t<\/div>\n\t\t<div class=\"elementor-element elementor-element-33ce15e e-flex e-con-boxed e-con e-parent\" data-id=\"33ce15e\" data-element_type=\"container\" data-e-type=\"container\" data-settings=\"{&quot;background_background&quot;:&quot;classic&quot;}\">\n\t\t\t\t\t<div class=\"e-con-inner\">\n\t\t\t\t\t<\/div>\n\t\t\t\t<\/div>\n\t\t<div class=\"elementor-element elementor-element-e02e815 e-con-full e-flex e-con e-parent\" data-id=\"e02e815\" data-element_type=\"container\" data-e-type=\"container\">\n\t\t<div class=\"elementor-element elementor-element-9cbe555 e-con-full e-flex e-con e-child\" data-id=\"9cbe555\" data-element_type=\"container\" data-e-type=\"container\" data-settings=\"{&quot;background_background&quot;:&quot;slideshow&quot;,&quot;background_slideshow_gallery&quot;:[{&quot;id&quot;:3485,&quot;url&quot;:&quot;https:\\\/\\\/passosdeoliveira.com.br\\\/wp-content\\\/uploads\\\/2026\\\/02\\\/Internacionalizacao.webp&quot;}],&quot;background_slideshow_loop&quot;:&quot;yes&quot;,&quot;background_slideshow_slide_duration&quot;:5000,&quot;background_slideshow_slide_transition&quot;:&quot;fade&quot;,&quot;background_slideshow_transition_duration&quot;:500}\">\n\t\t\t\t<\/div>\n\t\t<div class=\"elementor-element elementor-element-399f28f e-con-full e-flex e-con e-child\" data-id=\"399f28f\" data-element_type=\"container\" data-e-type=\"container\">\n\t\t<div class=\"elementor-element elementor-element-b7759e5 e-con-full e-flex e-con e-child\" data-id=\"b7759e5\" data-element_type=\"container\" data-e-type=\"container\">\n\t\t\t\t<div class=\"elementor-element elementor-element-0e1806a elementor-widget elementor-widget-text-editor\" data-id=\"0e1806a\" data-element_type=\"widget\" data-e-type=\"widget\" data-widget_type=\"text-editor.default\">\n\t\t\t\t\t\t\t\t\t<p><span style=\"font-weight: 400;\">A blindagem patrimonial e a internacionaliza\u00e7\u00e3o de ativos s\u00e3o estrat\u00e9gias fundamentais para quem busca seguran\u00e7a, estabilidade e controle sobre o pr\u00f3prio patrim\u00f4nio. Por meio de estruturas como holdings e offshores, \u00e9 poss\u00edvel centralizar e administrar investimentos de forma eficiente, separando o patrim\u00f4nio pessoal dos riscos empresariais. Al\u00e9m disso, o planejamento sucess\u00f3rio internacional permite uma transi\u00e7\u00e3o organizada e protegida dos bens entre gera\u00e7\u00f5es, evitando conflitos, reduzindo custos e garantindo a continuidade dos neg\u00f3cios com tranquilidade. Tudo isso dentro de uma estrutura legal, segura e alinhada \u00e0s melhores pr\u00e1ticas globais de gest\u00e3o patrimonial.<\/span><\/p>\t\t\t\t\t\t\t\t<\/div>\n\t\t\t\t<div class=\"elementor-element elementor-element-7e888fe elementor-widget elementor-widget-heading\" data-id=\"7e888fe\" data-element_type=\"widget\" data-e-type=\"widget\" data-widget_type=\"heading.default\">\n\t\t\t\t\t<h2 class=\"elementor-heading-title elementor-size-default\">Internacionaliza\u00e7\u00e3o de Empresas: Expanda Seus Horizontes com Seguran\u00e7a e Estrat\u00e9gia<\/h2>\t\t\t\t<\/div>\n\t\t\t\t<div class=\"elementor-element elementor-element-997685d elementor-widget elementor-widget-text-editor\" data-id=\"997685d\" data-element_type=\"widget\" data-e-type=\"widget\" data-widget_type=\"text-editor.default\">\n\t\t\t\t\t\t\t\t\t<p><span style=\"font-weight: 400;\">Levar sua empresa para o exterior ou trazer investimentos internacionais para o Brasil exige muito mais do que vontade de crescer. \u00c9 preciso <\/span><b>estrat\u00e9gia, planejamento e uma estrutura s\u00f3lida<\/b><span style=\"font-weight: 400;\">, capaz de garantir seguran\u00e7a jur\u00eddica, efici\u00eancia tribut\u00e1ria e credibilidade internacional.<\/span><\/p><p><span style=\"font-weight: 400;\">Nosso atendimento come\u00e7a de forma simples: com uma boa conversa. \u00c9 atrav\u00e9s dela que buscamos entender a fundo as necessidades, objetivos e desafios de cada empres\u00e1rio. A partir dessa an\u00e1lise personalizada, identificamos as melhores solu\u00e7\u00f5es para estruturar, proteger e expandir o seu neg\u00f3cio seja no Brasil ou no exterior.<\/span><\/p><p><span style=\"font-weight: 400;\">A <\/span><b>internacionaliza\u00e7\u00e3o de empresas<\/b><span style=\"font-weight: 400;\"> \u00e9 o passo decisivo para quem busca <\/span><b>novos mercados, prote\u00e7\u00e3o patrimonial e otimiza\u00e7\u00e3o fiscal<\/b><span style=\"font-weight: 400;\">. E \u00e9 nesse cen\u00e1rio que entram as <\/span><b>Holdings e Offshores<\/b><span style=\"font-weight: 400;\">\u00a0ferramentas fundamentais para expandir com intelig\u00eancia.<\/span><\/p>\t\t\t\t\t\t\t\t<\/div>\n\t\t\t\t<\/div>\n\t\t<div class=\"elementor-element elementor-element-a856c8d e-con-full e-flex e-con e-child\" data-id=\"a856c8d\" data-element_type=\"container\" data-e-type=\"container\">\n\t\t\t\t<div class=\"elementor-element elementor-element-5ad75e3 elementor-widget elementor-widget-heading\" data-id=\"5ad75e3\" data-element_type=\"widget\" data-e-type=\"widget\" data-widget_type=\"heading.default\">\n\t\t\t\t\t<h2 class=\"elementor-heading-title elementor-size-default\">Holding Internacional: Estrutura e Prote\u00e7\u00e3o para o Crescimento<\/h2>\t\t\t\t<\/div>\n\t\t\t\t<div class=\"elementor-element elementor-element-d0f4c7e elementor-widget elementor-widget-text-editor\" data-id=\"d0f4c7e\" data-element_type=\"widget\" data-e-type=\"widget\" data-widget_type=\"text-editor.default\">\n\t\t\t\t\t\t\t\t\t<p><span style=\"font-weight: 400;\">A cria\u00e7\u00e3o de uma <\/span><b>holding<\/b><span style=\"font-weight: 400;\"> no exterior permite <\/span><b>centralizar o controle de ativos, participa\u00e7\u00f5es e investimentos<\/b><span style=\"font-weight: 400;\"> de forma organizada e estrat\u00e9gica. Al\u00e9m de facilitar o <\/span><b>planejamento sucess\u00f3rio e patrimonial<\/b><span style=\"font-weight: 400;\">, a holding internacional pode oferecer <\/span><b>benef\u00edcios fiscais e maior efici\u00eancia na gest\u00e3o global do grupo empresarial<\/b><span style=\"font-weight: 400;\">.<\/span><\/p>\t\t\t\t\t\t\t\t<\/div>\n\t\t\t\t<div class=\"elementor-element elementor-element-8bc1fce elementor-widget elementor-widget-heading\" data-id=\"8bc1fce\" data-element_type=\"widget\" data-e-type=\"widget\" data-widget_type=\"heading.default\">\n\t\t\t\t\t<h2 class=\"elementor-heading-title elementor-size-default\">Offshore: Gest\u00e3o Global com Vantagens Competitivas<\/h2>\t\t\t\t<\/div>\n\t\t\t\t<div class=\"elementor-element elementor-element-65abb4e elementor-widget elementor-widget-text-editor\" data-id=\"65abb4e\" data-element_type=\"widget\" data-e-type=\"widget\" data-widget_type=\"text-editor.default\">\n\t\t\t\t\t\t\t\t\t<p><span style=\"font-weight: 400;\">A abertura de uma <\/span><b>empresa offshore<\/b><span style=\"font-weight: 400;\"> em jurisdi\u00e7\u00f5es com tributa\u00e7\u00e3o reduzida (os chamados <\/span><i><span style=\"font-weight: 400;\">para\u00edsos fiscais<\/span><\/i><span style=\"font-weight: 400;\">) \u00e9 uma alternativa leg\u00edtima e estrat\u00e9gica para quem busca <\/span><b>reduzir custos operacionais, ampliar a confidencialidade e facilitar transa\u00e7\u00f5es internacionais<\/b><span style=\"font-weight: 400;\">. Quando bem estruturada, uma offshore torna-se uma poderosa aliada para a <\/span><b>expans\u00e3o global de empresas brasileiras<\/b><span style=\"font-weight: 400;\">.<\/span><\/p>\t\t\t\t\t\t\t\t<\/div>\n\t\t\t\t<div class=\"elementor-element elementor-element-d75b06b elementor-widget elementor-widget-heading\" data-id=\"d75b06b\" data-element_type=\"widget\" data-e-type=\"widget\" data-widget_type=\"heading.default\">\n\t\t\t\t\t<h2 class=\"elementor-heading-title elementor-size-default\">Do Brasil para o Mundo \u2014 e do Mundo para o Brasil<\/h2>\t\t\t\t<\/div>\n\t\t\t\t<div class=\"elementor-element elementor-element-3e70253 elementor-widget elementor-widget-text-editor\" data-id=\"3e70253\" data-element_type=\"widget\" data-e-type=\"widget\" data-widget_type=\"text-editor.default\">\n\t\t\t\t\t\t\t\t\t<p><span style=\"font-weight: 400;\">Nossa atua\u00e7\u00e3o vai al\u00e9m de levar empresas brasileiras ao exterior. Tamb\u00e9m <\/span><b>auxiliamos investidores estrangeiros que desejam ingressar no mercado brasileiro<\/b><span style=\"font-weight: 400;\">, conectando oportunidades e garantindo seguran\u00e7a em cada etapa do processo.<\/span><\/p><p><span style=\"font-weight: 400;\">Com uma vis\u00e3o global e conhecimento t\u00e9cnico em <\/span><b>planejamento societ\u00e1rio e tribut\u00e1rio internacional<\/b><span style=\"font-weight: 400;\">, oferecemos solu\u00e7\u00f5es completas para empresas que querem <\/span><b>crescer sem fronteiras<\/b><span style=\"font-weight: 400;\">, com solidez, legalidade e intelig\u00eancia estrat\u00e9gica.<\/span><\/p>\t\t\t\t\t\t\t\t<\/div>\n\t\t\t\t<\/div>\n\t\t\t\t<\/div>\n\t\t\t\t<\/div>\n\t\t\t\t<\/div>\n\t\t","protected":false},"excerpt":{"rendered":"<p>Holding \/ Offshore A blindagem patrimonial e a internacionaliza\u00e7\u00e3o de ativos s\u00e3o estrat\u00e9gias fundamentais para quem busca seguran\u00e7a, estabilidade e controle sobre o pr\u00f3prio patrim\u00f4nio. Por meio de estruturas como holdings e offshores, \u00e9 poss\u00edvel centralizar e administrar investimentos de forma eficiente, separando o patrim\u00f4nio pessoal dos riscos empresariais. Al\u00e9m disso, o planejamento sucess\u00f3rio internacional [&hellip;]<\/p>\n","protected":false},"author":1,"featured_media":0,"parent":0,"menu_order":0,"comment_status":"closed","ping_status":"closed","template":"","meta":{"site-sidebar-layout":"no-sidebar","site-content-layout":"page-builder","ast-site-content-layout":"full-width-container","site-content-style":"default","site-sidebar-style":"default","ast-global-header-display":"","ast-banner-title-visibility":"","ast-main-header-display":"","ast-hfb-above-header-display":"","ast-hfb-below-header-display":"","ast-hfb-mobile-header-display":"","site-post-title":"disabled","ast-breadcrumbs-content":"","ast-featured-img":"disabled","footer-sml-layout":"","ast-disable-related-posts":"","theme-transparent-header-meta":"","adv-header-id-meta":"","stick-header-meta":"","header-above-stick-meta":"","header-main-stick-meta":"","header-below-stick-meta":"","astra-migrate-meta-layouts":"set","ast-page-background-enabled":"default","ast-page-background-meta":{"desktop":{"background-color":"","background-image":"","background-repeat":"repeat","background-position":"center center","background-size":"auto","background-attachment":"scroll","background-type":"","background-media":"","overlay-type":"","overlay-color":"","overlay-opacity":"","overlay-gradient":""},"tablet":{"background-color":"","background-image":"","background-repeat":"repeat","background-position":"center center","background-size":"auto","background-attachment":"scroll","background-type":"","background-media":"","overlay-type":"","overlay-color":"","overlay-opacity":"","overlay-gradient":""},"mobile":{"background-color":"","background-image":"","background-repeat":"repeat","background-position":"center center","background-size":"auto","background-attachment":"scroll","background-type":"","background-media":"","overlay-type":"","overlay-color":"","overlay-opacity":"","overlay-gradient":""}},"ast-content-background-meta":{"desktop":{"background-color":"var(--ast-global-color-5)","background-image":"","background-repeat":"repeat","background-position":"center center","background-size":"auto","background-attachment":"scroll","background-type":"","background-media":"","overlay-type":"","overlay-color":"","overlay-opacity":"","overlay-gradient":""},"tablet":{"background-color":"var(--ast-global-color-5)","background-image":"","background-repeat":"repeat","background-position":"center center","background-size":"auto","background-attachment":"scroll","background-type":"","background-media":"","overlay-type":"","overlay-color":"","overlay-opacity":"","overlay-gradient":""},"mobile":{"background-color":"var(--ast-global-color-5)","background-image":"","background-repeat":"repeat","background-position":"center center","background-size":"auto","background-attachment":"scroll","background-type":"","background-media":"","overlay-type":"","overlay-color":"","overlay-opacity":"","overlay-gradient":""}},"footnotes":""},"class_list":["post-3474","page","type-page","status-publish","hentry"],"_links":{"self":[{"href":"https:\/\/passosdeoliveira.com.br\/es\/wp-json\/wp\/v2\/pages\/3474","targetHints":{"allow":["GET"]}}],"collection":[{"href":"https:\/\/passosdeoliveira.com.br\/es\/wp-json\/wp\/v2\/pages"}],"about":[{"href":"https:\/\/passosdeoliveira.com.br\/es\/wp-json\/wp\/v2\/types\/page"}],"author":[{"embeddable":true,"href":"https:\/\/passosdeoliveira.com.br\/es\/wp-json\/wp\/v2\/users\/1"}],"replies":[{"embeddable":true,"href":"https:\/\/passosdeoliveira.com.br\/es\/wp-json\/wp\/v2\/comments?post=3474"}],"version-history":[{"count":22,"href":"https:\/\/passosdeoliveira.com.br\/es\/wp-json\/wp\/v2\/pages\/3474\/revisions"}],"predecessor-version":[{"id":3619,"href":"https:\/\/passosdeoliveira.com.br\/es\/wp-json\/wp\/v2\/pages\/3474\/revisions\/3619"}],"wp:attachment":[{"href":"https:\/\/passosdeoliveira.com.br\/es\/wp-json\/wp\/v2\/media?parent=3474"}],"curies":[{"name":"wp","href":"https:\/\/api.w.org\/{rel}","templated":true}]}}